{"id":2315,"date":"2023-11-10T22:10:59","date_gmt":"2023-11-11T01:10:59","guid":{"rendered":"https:\/\/sanjosei27.edu.ar\/?page_id=2315"},"modified":"2023-12-11T20:22:49","modified_gmt":"2023-12-11T23:22:49","slug":"plan-de-estudio-tecnicatura-superior-operador-en-psicologia-social-2","status":"publish","type":"page","link":"https:\/\/sanjosei27.edu.ar\/?page_id=2315","title":{"rendered":"Tecnicatura Superior en Pedagog\u00eda y Educaci\u00f3n Social"},"content":{"rendered":"\t\t<div data-elementor-type=\"wp-page\" data-elementor-id=\"2315\" class=\"elementor elementor-2315\">\n\t\t\t\t\t\t<section class=\"elementor-section elementor-top-section elementor-element elementor-element-5f97ce3 elementor-section-boxed elementor-section-height-default elementor-section-height-default\" data-id=\"5f97ce3\" data-element_type=\"section\" data-e-type=\"section\">\n\t\t\t\t\t\t<div class=\"elementor-container elementor-column-gap-default\">\n\t\t\t\t\t<div class=\"elementor-column elementor-col-100 elementor-top-column elementor-element elementor-element-bd62e20\" data-id=\"bd62e20\" data-element_type=\"column\" data-e-type=\"column\">\n\t\t\t<div class=\"elementor-widget-wrap elementor-element-populated\">\n\t\t\t\t\t\t<div class=\"elementor-element elementor-element-09ee79d elementor-widget elementor-widget-spacer\" data-id=\"09ee79d\" data-element_type=\"widget\" data-e-type=\"widget\" data-widget_type=\"spacer.default\">\n\t\t\t\t<div class=\"elementor-widget-container\">\n\t\t\t\t\t\t\t<div class=\"elementor-spacer\">\n\t\t\t<div class=\"elementor-spacer-inner\"><\/div>\n\t\t<\/div>\n\t\t\t\t\t\t<\/div>\n\t\t\t\t<\/div>\n\t\t\t\t\t<\/div>\n\t\t<\/div>\n\t\t\t\t\t<\/div>\n\t\t<\/section>\n\t\t\t\t<section class=\"elementor-section elementor-top-section elementor-element elementor-element-51b422b elementor-section-boxed elementor-section-height-default elementor-section-height-default\" data-id=\"51b422b\" data-element_type=\"section\" data-e-type=\"section\">\n\t\t\t\t\t\t\t<div class=\"elementor-background-overlay\"><\/div>\n\t\t\t\t\t\t\t<div class=\"elementor-container elementor-column-gap-default\">\n\t\t\t\t\t<div class=\"elementor-column elementor-col-100 elementor-top-column elementor-element elementor-element-8c797c6\" data-id=\"8c797c6\" data-element_type=\"column\" data-e-type=\"column\">\n\t\t\t<div class=\"elementor-widget-wrap elementor-element-populated\">\n\t\t\t\t\t\t<div class=\"elementor-element elementor-element-a75b7ed elementor-widget elementor-widget-spacer\" data-id=\"a75b7ed\" data-element_type=\"widget\" data-e-type=\"widget\" data-widget_type=\"spacer.default\">\n\t\t\t\t<div class=\"elementor-widget-container\">\n\t\t\t\t\t\t\t<div class=\"elementor-spacer\">\n\t\t\t<div class=\"elementor-spacer-inner\"><\/div>\n\t\t<\/div>\n\t\t\t\t\t\t<\/div>\n\t\t\t\t<\/div>\n\t\t\t\t<div class=\"elementor-element elementor-element-f13d12e elementor-widget elementor-widget-heading\" data-id=\"f13d12e\" data-element_type=\"widget\" data-e-type=\"widget\" data-widget_type=\"heading.default\">\n\t\t\t\t<div class=\"elementor-widget-container\">\n\t\t\t\t\t<h2 class=\"elementor-heading-title elementor-size-default\">TECNICATURA<\/h2>\t\t\t\t<\/div>\n\t\t\t\t<\/div>\n\t\t\t\t<div class=\"elementor-element elementor-element-e1ca076 elementor-widget elementor-widget-spacer\" data-id=\"e1ca076\" data-element_type=\"widget\" data-e-type=\"widget\" data-widget_type=\"spacer.default\">\n\t\t\t\t<div class=\"elementor-widget-container\">\n\t\t\t\t\t\t\t<div class=\"elementor-spacer\">\n\t\t\t<div class=\"elementor-spacer-inner\"><\/div>\n\t\t<\/div>\n\t\t\t\t\t\t<\/div>\n\t\t\t\t<\/div>\n\t\t\t\t\t<\/div>\n\t\t<\/div>\n\t\t\t\t\t<\/div>\n\t\t<\/section>\n\t\t\t\t<section class=\"elementor-section elementor-top-section elementor-element elementor-element-13456c6 elementor-section-boxed elementor-section-height-default elementor-section-height-default\" data-id=\"13456c6\" data-element_type=\"section\" data-e-type=\"section\">\n\t\t\t\t\t\t<div class=\"elementor-container elementor-column-gap-default\">\n\t\t\t\t\t<div class=\"elementor-column elementor-col-100 elementor-top-column elementor-element elementor-element-fd48e31\" data-id=\"fd48e31\" data-element_type=\"column\" data-e-type=\"column\">\n\t\t\t<div class=\"elementor-widget-wrap elementor-element-populated\">\n\t\t\t\t\t\t<div class=\"elementor-element elementor-element-57c6a86 elementor-widget elementor-widget-elementskit-heading\" data-id=\"57c6a86\" data-element_type=\"widget\" data-e-type=\"widget\" data-widget_type=\"elementskit-heading.default\">\n\t\t\t\t<div class=\"elementor-widget-container\">\n\t\t\t\t\t<div class=\"ekit-wid-con\" ><div class=\"ekit-heading elementskit-section-title-wraper text_left   ekit_heading_tablet-   ekit_heading_mobile-\"><h3 class=\"ekit-heading--title elementskit-section-title \"><span><span>TECNICATURA<\/span><\/span>  Superior en Pedagog\u00eda y Educaci\u00f3n Social<\/h3><div class=\"ekit_heading_separetor_wraper ekit_heading_elementskit-border-divider elementskit-style-long\"><div class=\"elementskit-border-divider elementskit-style-long\"><\/div><\/div><\/div><\/div>\t\t\t\t<\/div>\n\t\t\t\t<\/div>\n\t\t\t\t\t<\/div>\n\t\t<\/div>\n\t\t\t\t\t<\/div>\n\t\t<\/section>\n\t\t\t\t<section class=\"elementor-section elementor-top-section elementor-element elementor-element-f4d491d elementor-section-boxed elementor-section-height-default elementor-section-height-default\" data-id=\"f4d491d\" data-element_type=\"section\" data-e-type=\"section\">\n\t\t\t\t\t\t<div class=\"elementor-container elementor-column-gap-default\">\n\t\t\t\t\t<div class=\"elementor-column elementor-col-50 elementor-top-column elementor-element elementor-element-e9f9ff0\" data-id=\"e9f9ff0\" data-element_type=\"column\" data-e-type=\"column\">\n\t\t\t<div class=\"elementor-widget-wrap elementor-element-populated\">\n\t\t\t\t\t\t<div class=\"elementor-element elementor-element-27a1f47 elementor-widget elementor-widget-text-editor\" data-id=\"27a1f47\" data-element_type=\"widget\" data-e-type=\"widget\" data-widget_type=\"text-editor.default\">\n\t\t\t\t<div class=\"elementor-widget-container\">\n\t\t\t\t\t\t\t\t\t<p><strong>Duraci\u00f3n:<\/strong>\u00a0<span style=\"text-align: justify; color: var( --e-global-color-text ); font-family: var( --e-global-typography-text-font-family ), Sans-serif; font-weight: var( --e-global-typography-text-font-weight ); font-size: 1rem;\">3 a\u00f1os<\/span><\/p><p><strong>Modalidad:<\/strong> Presencial<\/p><p><b>Resoluci\u00f3n<\/b><strong>\u00a0Ministerial:<\/strong> N\u00b0 6263<\/p>\t\t\t\t\t\t\t\t<\/div>\n\t\t\t\t<\/div>\n\t\t\t\t<div class=\"elementor-element elementor-element-59af5f4 elementor-widget elementor-widget-text-editor\" data-id=\"59af5f4\" data-element_type=\"widget\" data-e-type=\"widget\" data-widget_type=\"text-editor.default\">\n\t\t\t\t<div class=\"elementor-widget-container\">\n\t\t\t\t\t\t\t\t\t<p><strong>FINALIDAD DE LA CARRERA\u00a0<\/strong><br \/><br \/>La Tecnicatura Superior en Pedagog\u00eda y Educaci\u00f3n Social se plantea como finalidad general una formaci\u00f3n integral que promueva en los estudiantes la construcci\u00f3n de las herramientas intelectuales y pr\u00e1cticas necesarias para desempe\u00f1arse en distintas organizaciones gubernamentales y no gubernamentales a trav\u00e9s de la participaci\u00f3n en experiencias orientadas al desarrollo socioeducativo en las distintas comunidades, y a la democratizaci\u00f3n de la participaci\u00f3n ciudadana en la cultura. Dicha formaci\u00f3n integral se propone la confluencia de saberes y habilidades t\u00e9cnicas con el conocimiento profundo y amplio, la sensibilidad y apertura creativa que requiere el desempe\u00f1o en funciones de dise\u00f1o de proyectos educativos, promoci\u00f3n de las diversas manifestaciones de lo educativo, y producci\u00f3n y difusi\u00f3n de informaci\u00f3n relevante para el campo de la pedagog\u00eda y educaci\u00f3n social<\/p><p>\u00a0<\/p><p><strong>OBJETIVOS\u00a0<\/strong><\/p><p>Participar activamente en los procesos de dinamizaci\u00f3n de los diferentes \u00e1mbitos socioeducativos, acciones que se orientan al desarrollo local y a la democratizaci\u00f3n de la participaci\u00f3n ciudadana en la cultura.<\/p><p>Formar egresados capaces de desempe\u00f1arse en un equipo interdisciplinario con responsabilidad directa en las tareas b\u00e1sicas de Dise\u00f1o, implementaci\u00f3n \u00a0y evaluaci\u00f3n de proyectos, programas y acciones educativas pertenecientes a los \u00e1mbitos p\u00fablico, privado y\/o de la sociedad civil.<\/p><h5 class=\"home_slider_titulo\">\u00a0<\/h5>\t\t\t\t\t\t\t\t<\/div>\n\t\t\t\t<\/div>\n\t\t\t\t\t<\/div>\n\t\t<\/div>\n\t\t\t\t<div class=\"elementor-column elementor-col-50 elementor-top-column elementor-element elementor-element-de0ad72\" data-id=\"de0ad72\" data-element_type=\"column\" data-e-type=\"column\">\n\t\t\t<div class=\"elementor-widget-wrap elementor-element-populated\">\n\t\t\t\t\t\t<div class=\"elementor-element elementor-element-f9c0e53 elementor-widget elementor-widget-text-editor\" data-id=\"f9c0e53\" data-element_type=\"widget\" data-e-type=\"widget\" data-widget_type=\"text-editor.default\">\n\t\t\t\t<div class=\"elementor-widget-container\">\n\t\t\t\t\t\t\t\t\t<p><a name=\"_Toc514189274\"><\/a><strong>Campo Profesional<\/strong><\/p><p>El T\u00e9cnico Superior en Pedagog\u00eda y Educaci\u00f3n Social podr\u00e1 desempe\u00f1arse en relaci\u00f3n de dependencia, o en forma independiente en diversos espacios sociales y educativos p\u00fablicos, privados y de la sociedad civil. Podr\u00e1 llevar adelante acciones, programas y proyectos pedag\u00f3gicos que apunten al desarrollo y la promoci\u00f3n inclusiva de colectivos y sujetos particulares.<\/p><p>Desde esta amplia perspectiva y atendiendo al campo profesional al que se dirige, fundamentalmente se destacan tres \u00e1mbitos de intervenci\u00f3n:<\/p><ul><li>Inclusi\u00f3n y promoci\u00f3n plena de los sujetos y colectivos en situaci\u00f3n de exclusi\u00f3n y marginaci\u00f3n social<\/li><li>Pr\u00e1cticas educativas ligadas al desarrollo comunitario<\/li><li>Participaci\u00f3n desde su especificidad en equipos interdisciplinarios de atenci\u00f3n de problem\u00e1ticas sociales.<\/li><\/ul><p><a name=\"_Toc514189275\"><\/a><strong>Alcances e Incumbencias del T\u00edtulo<\/strong><\/p><ul><li>Analizar e interpretar pol\u00edticas sociales vinculadas con el campo pedag\u00f3gico para planificar acciones de corto, mediano y largo plazo.<\/li><li>Dise\u00f1ar, ejecutar y evaluar programas y proyectos de desarrollo socioeducativo, en \u00e1mbitos estatales, privados y de la sociedad civil.<\/li><li>Desarrollar la comunicaci\u00f3n poniendo en contacto a los responsables de organizaciones u organismos de la misma u otra jurisdicci\u00f3n, con distintos actores de la comunidad y distintas \u00e1reas del sistema educativo con el objeto de construir pr\u00e1cticas de articulaciones sociales y educativas locales, provinciales y nacionales.<\/li><li>Dise\u00f1ar e implementar sistemas de informaci\u00f3n (registro de manifestaciones educativas y cient\u00edfico tecnol\u00f3gicas)<\/li><li>Generar e interpretar los espacios de di\u00e1logo con representantes comunitarios y responsables de otras \u00e1reas de diferentes especialidades del campo socioeducativo.<\/li><li>Elaborar dispositivos de capacitaci\u00f3n y reflexi\u00f3n de educaci\u00f3n social.<\/li><\/ul>\t\t\t\t\t\t\t\t<\/div>\n\t\t\t\t<\/div>\n\t\t\t\t\t<\/div>\n\t\t<\/div>\n\t\t\t\t\t<\/div>\n\t\t<\/section>\n\t\t\t\t<section class=\"elementor-section elementor-top-section elementor-element elementor-element-1e8cc4e elementor-section-boxed elementor-section-height-default elementor-section-height-default\" data-id=\"1e8cc4e\" data-element_type=\"section\" data-e-type=\"section\">\n\t\t\t\t\t\t<div class=\"elementor-container elementor-column-gap-default\">\n\t\t\t\t\t<div class=\"elementor-column elementor-col-100 elementor-top-column elementor-element elementor-element-252308f\" data-id=\"252308f\" data-element_type=\"column\" data-e-type=\"column\">\n\t\t\t<div class=\"elementor-widget-wrap elementor-element-populated\">\n\t\t\t\t\t\t<div class=\"elementor-element elementor-element-2dfb2ba elementor-widget elementor-widget-heading\" data-id=\"2dfb2ba\" data-element_type=\"widget\" data-e-type=\"widget\" data-widget_type=\"heading.default\">\n\t\t\t\t<div class=\"elementor-widget-container\">\n\t\t\t\t\t<h4 class=\"elementor-heading-title elementor-size-default\">Plan de Estudios<\/h4>\t\t\t\t<\/div>\n\t\t\t\t<\/div>\n\t\t\t\t\t<\/div>\n\t\t<\/div>\n\t\t\t\t\t<\/div>\n\t\t<\/section>\n\t\t\t\t<section class=\"elementor-section elementor-top-section elementor-element elementor-element-bba29d3 elementor-section-boxed elementor-section-height-default elementor-section-height-default\" data-id=\"bba29d3\" data-element_type=\"section\" data-e-type=\"section\">\n\t\t\t\t\t\t<div class=\"elementor-container elementor-column-gap-default\">\n\t\t\t\t\t<div class=\"elementor-column elementor-col-50 elementor-top-column elementor-element elementor-element-00f7e4a\" data-id=\"00f7e4a\" data-element_type=\"column\" data-e-type=\"column\">\n\t\t\t<div class=\"elementor-widget-wrap elementor-element-populated\">\n\t\t\t\t\t\t<div class=\"elementor-element elementor-element-aa1730d elementor-widget elementor-widget-text-editor\" data-id=\"aa1730d\" data-element_type=\"widget\" data-e-type=\"widget\" data-widget_type=\"text-editor.default\">\n\t\t\t\t<div class=\"elementor-widget-container\">\n\t\t\t\t\t\t\t\t\t<p><strong>Primer A\u00f1o<\/strong><\/p><p>&#8211; Grupo y Equipos de Trabajo<br \/>&#8211; Problem\u00e1ticas de la Educaci\u00f3n Contempor\u00e1nea<br \/>&#8211; Problem\u00e1ticas Socioculturales Contempor\u00e1neas<br \/>&#8211; Ense\u00f1anza y Aprendizaje en Contextos Diversos<br \/>&#8211; Infancias y Adolescencias<br \/>&#8211; Lenguajes Expresivos y Juegos I<br \/>&#8211; Pedagog\u00eda y Educaci\u00f3n Social<br \/>&#8211; Pr\u00e1cticas Profesionalizantes I Seminario de Observaci\u00f3n y An\u00e1lisis del Rol Profesional<\/p>\t\t\t\t\t\t\t\t<\/div>\n\t\t\t\t<\/div>\n\t\t\t\t\t<\/div>\n\t\t<\/div>\n\t\t\t\t<div class=\"elementor-column elementor-col-50 elementor-top-column elementor-element elementor-element-49d7ffe\" data-id=\"49d7ffe\" data-element_type=\"column\" data-e-type=\"column\">\n\t\t\t<div class=\"elementor-widget-wrap elementor-element-populated\">\n\t\t\t\t\t\t<div class=\"elementor-element elementor-element-8e55cb5 elementor-widget elementor-widget-text-editor\" data-id=\"8e55cb5\" data-element_type=\"widget\" data-e-type=\"widget\" data-widget_type=\"text-editor.default\">\n\t\t\t\t<div class=\"elementor-widget-container\">\n\t\t\t\t\t\t\t\t\t<p><strong>Segundo A\u00f1o<br \/><\/strong><br \/>&#8211; Infancias y Adolescencias II<br \/>&#8211; Pedagog\u00eda<br \/>&#8211; Relaci\u00f3n Estado y Sociedad<br \/>&#8211; Introducci\u00f3n a la Investigaci\u00f3n Social. <br \/>&#8211; Metodolog\u00eda para la Investigaci\u00f3n y Acci\u00f3n Social.<br \/>&#8211; Pedagog\u00eda y Educaci\u00f3n Social II<br \/>&#8211; Taller de Tecnolog\u00edas de la Informaci\u00f3n y la Comunicaci\u00f3n<br \/>&#8211; Pr\u00e1cticas Profesionalizantes II Seminario de Escritura y Memoria Profesional<\/p>\t\t\t\t\t\t\t\t<\/div>\n\t\t\t\t<\/div>\n\t\t\t\t\t<\/div>\n\t\t<\/div>\n\t\t\t\t\t<\/div>\n\t\t<\/section>\n\t\t\t\t<section class=\"elementor-section elementor-top-section elementor-element elementor-element-a63384d elementor-section-boxed elementor-section-height-default elementor-section-height-default\" data-id=\"a63384d\" data-element_type=\"section\" data-e-type=\"section\">\n\t\t\t\t\t\t<div class=\"elementor-container elementor-column-gap-default\">\n\t\t\t\t\t<div class=\"elementor-column elementor-col-50 elementor-top-column elementor-element elementor-element-94bf4ee\" data-id=\"94bf4ee\" data-element_type=\"column\" data-e-type=\"column\">\n\t\t\t<div class=\"elementor-widget-wrap elementor-element-populated\">\n\t\t\t\t\t\t<div class=\"elementor-element elementor-element-7f53fe9 elementor-widget elementor-widget-text-editor\" data-id=\"7f53fe9\" data-element_type=\"widget\" data-e-type=\"widget\" data-widget_type=\"text-editor.default\">\n\t\t\t\t<div class=\"elementor-widget-container\">\n\t\t\t\t\t\t\t\t\t<p><strong>Tercer A\u00f1o<br \/><\/strong><br \/>&#8211; Gesti\u00f3n Estrat\u00e9gica, Desarrollo Local y Pol\u00edticas P\u00fablicas<br \/>&#8211; Taller de Gesti\u00f3n Integral de Proyectos Socioeducativos<br \/>&#8211; Taller de Producci\u00f3n de Textos y Materiales Educativos<br \/>&#8211; Ense\u00f1anza y Aprendizaje en Contextos Diversos II<br \/>&#8211; Lenguajes Expresivos y Juegos II<br \/>&#8211; Procesos Pol\u00edticos, Econ\u00f3micos y el Mundo del Trabajo<br \/>&#8211; Pr\u00e1cticas Profesionalizantes III Seminario de Estudios y Experiencias Socioeducativas Actuales<\/p>\t\t\t\t\t\t\t\t<\/div>\n\t\t\t\t<\/div>\n\t\t\t\t\t<\/div>\n\t\t<\/div>\n\t\t\t\t<div class=\"elementor-column elementor-col-50 elementor-top-column elementor-element elementor-element-2bf97d8\" data-id=\"2bf97d8\" data-element_type=\"column\" data-e-type=\"column\">\n\t\t\t<div class=\"elementor-widget-wrap\">\n\t\t\t\t\t\t\t<\/div>\n\t\t<\/div>\n\t\t\t\t\t<\/div>\n\t\t<\/section>\n\t\t\t\t<section class=\"elementor-section elementor-top-section elementor-element elementor-element-01abc39 elementor-section-boxed elementor-section-height-default elementor-section-height-default\" data-id=\"01abc39\" data-element_type=\"section\" data-e-type=\"section\">\n\t\t\t\t\t\t<div class=\"elementor-container elementor-column-gap-default\">\n\t\t\t\t\t<div class=\"elementor-column elementor-col-100 elementor-top-column elementor-element elementor-element-6cfd38b\" data-id=\"6cfd38b\" data-element_type=\"column\" data-e-type=\"column\">\n\t\t\t<div class=\"elementor-widget-wrap elementor-element-populated\">\n\t\t\t\t\t\t<div class=\"elementor-element elementor-element-6748c79 elementor-widget elementor-widget-button\" data-id=\"6748c79\" data-element_type=\"widget\" data-e-type=\"widget\" data-widget_type=\"button.default\">\n\t\t\t\t<div class=\"elementor-widget-container\">\n\t\t\t\t\t\t\t\t\t<div class=\"elementor-button-wrapper\">\n\t\t\t\t\t<a class=\"elementor-button elementor-button-link elementor-size-sm\" href=\"https:\/\/sanjosei27.edu.ar\/?page_id=2\">\n\t\t\t\t\t\t<span class=\"elementor-button-content-wrapper\">\n\t\t\t\t\t\t\t\t\t<span class=\"elementor-button-text\">Inscribite aqu\u00ed!<\/span>\n\t\t\t\t\t<\/span>\n\t\t\t\t\t<\/a>\n\t\t\t\t<\/div>\n\t\t\t\t\t\t\t\t<\/div>\n\t\t\t\t<\/div>\n\t\t\t\t\t<\/div>\n\t\t<\/div>\n\t\t\t\t\t<\/div>\n\t\t<\/section>\n\t\t\t\t<section class=\"elementor-section elementor-top-section elementor-element elementor-element-fe2b149 elementor-section-boxed elementor-section-height-default elementor-section-height-default\" data-id=\"fe2b149\" data-element_type=\"section\" data-e-type=\"section\">\n\t\t\t\t\t\t<div class=\"elementor-container elementor-column-gap-default\">\n\t\t\t\t\t<div class=\"elementor-column elementor-col-50 elementor-top-column elementor-element elementor-element-b1cc6b3\" data-id=\"b1cc6b3\" data-element_type=\"column\" data-e-type=\"column\">\n\t\t\t<div class=\"elementor-widget-wrap elementor-element-populated\">\n\t\t\t\t\t\t<div class=\"elementor-element elementor-element-9364a9b elementor-widget elementor-widget-html\" data-id=\"9364a9b\" data-element_type=\"widget\" data-e-type=\"widget\" data-widget_type=\"html.default\">\n\t\t\t\t<div class=\"elementor-widget-container\">\n\t\t\t\t\t<input type=\"button\" onclick=\"history.back()\" name=\"volver atr\u00e1s\" value=\"volver \">\t\t\t\t<\/div>\n\t\t\t\t<\/div>\n\t\t\t\t\t<\/div>\n\t\t<\/div>\n\t\t\t\t<div class=\"elementor-column elementor-col-50 elementor-top-column elementor-element elementor-element-5f95a8f\" data-id=\"5f95a8f\" data-element_type=\"column\" data-e-type=\"column\">\n\t\t\t<div class=\"elementor-widget-wrap\">\n\t\t\t\t\t\t\t<\/div>\n\t\t<\/div>\n\t\t\t\t\t<\/div>\n\t\t<\/section>\n\t\t\t\t<\/div>\n\t\t","protected":false},"excerpt":{"rendered":"<p>TECNICATURA TECNICATURA Superior en Pedagog\u00eda y Educaci\u00f3n Social Duraci\u00f3n:\u00a03 a\u00f1os Modalidad: Presencial Resoluci\u00f3n\u00a0Ministerial: N\u00b0 6263 FINALIDAD DE LA CARRERA\u00a0 La Tecnicatura Superior en Pedagog\u00eda y Educaci\u00f3n Social se plantea como finalidad general una formaci\u00f3n integral que promueva en los estudiantes la construcci\u00f3n de las herramientas intelectuales y pr\u00e1cticas necesarias para desempe\u00f1arse en distintas organizaciones gubernamentales [&hellip;]<\/p>\n","protected":false},"author":3,"featured_media":0,"parent":0,"menu_order":0,"comment_status":"closed","ping_status":"closed","template":"elementor_header_footer","meta":{"footnotes":""},"class_list":["post-2315","page","type-page","status-publish","hentry"],"_links":{"self":[{"href":"https:\/\/sanjosei27.edu.ar\/index.php?rest_route=\/wp\/v2\/pages\/2315","targetHints":{"allow":["GET"]}}],"collection":[{"href":"https:\/\/sanjosei27.edu.ar\/index.php?rest_route=\/wp\/v2\/pages"}],"about":[{"href":"https:\/\/sanjosei27.edu.ar\/index.php?rest_route=\/wp\/v2\/types\/page"}],"author":[{"embeddable":true,"href":"https:\/\/sanjosei27.edu.ar\/index.php?rest_route=\/wp\/v2\/users\/3"}],"replies":[{"embeddable":true,"href":"https:\/\/sanjosei27.edu.ar\/index.php?rest_route=%2Fwp%2Fv2%2Fcomments&post=2315"}],"version-history":[{"count":25,"href":"https:\/\/sanjosei27.edu.ar\/index.php?rest_route=\/wp\/v2\/pages\/2315\/revisions"}],"predecessor-version":[{"id":2446,"href":"https:\/\/sanjosei27.edu.ar\/index.php?rest_route=\/wp\/v2\/pages\/2315\/revisions\/2446"}],"wp:attachment":[{"href":"https:\/\/sanjosei27.edu.ar\/index.php?rest_route=%2Fwp%2Fv2%2Fmedia&parent=2315"}],"curies":[{"name":"wp","href":"https:\/\/api.w.org\/{rel}","templated":true}]}}