{"id":632,"date":"2020-11-06T00:25:48","date_gmt":"2020-11-06T03:25:48","guid":{"rendered":"http:\/\/nuevaweb.sanjosei27.edu.ar\/?page_id=632"},"modified":"2020-11-06T00:37:27","modified_gmt":"2020-11-06T03:37:27","slug":"profesorado-de-educacion-secundaria-en-ciencias-de-la-administracion","status":"publish","type":"page","link":"https:\/\/sanjosei27.edu.ar\/?page_id=632","title":{"rendered":"Profesorado de Educaci\u00f3n Secundaria en Ciencias de la Administraci\u00f3n"},"content":{"rendered":"\t\t<div data-elementor-type=\"wp-page\" data-elementor-id=\"632\" class=\"elementor elementor-632\">\n\t\t\t\t\t\t<section class=\"elementor-section elementor-top-section elementor-element elementor-element-5f97ce3 elementor-section-boxed elementor-section-height-default elementor-section-height-default\" data-id=\"5f97ce3\" data-element_type=\"section\" data-e-type=\"section\">\n\t\t\t\t\t\t<div class=\"elementor-container elementor-column-gap-default\">\n\t\t\t\t\t<div class=\"elementor-column elementor-col-100 elementor-top-column elementor-element elementor-element-bd62e20\" data-id=\"bd62e20\" data-element_type=\"column\" data-e-type=\"column\">\n\t\t\t<div class=\"elementor-widget-wrap elementor-element-populated\">\n\t\t\t\t\t\t<div class=\"elementor-element elementor-element-09ee79d elementor-widget elementor-widget-spacer\" data-id=\"09ee79d\" data-element_type=\"widget\" data-e-type=\"widget\" data-widget_type=\"spacer.default\">\n\t\t\t\t<div class=\"elementor-widget-container\">\n\t\t\t\t\t\t\t<div class=\"elementor-spacer\">\n\t\t\t<div class=\"elementor-spacer-inner\"><\/div>\n\t\t<\/div>\n\t\t\t\t\t\t<\/div>\n\t\t\t\t<\/div>\n\t\t\t\t\t<\/div>\n\t\t<\/div>\n\t\t\t\t\t<\/div>\n\t\t<\/section>\n\t\t\t\t<section class=\"elementor-section elementor-top-section elementor-element elementor-element-51b422b elementor-section-boxed elementor-section-height-default elementor-section-height-default\" data-id=\"51b422b\" data-element_type=\"section\" data-e-type=\"section\">\n\t\t\t\t\t\t\t<div class=\"elementor-background-overlay\"><\/div>\n\t\t\t\t\t\t\t<div class=\"elementor-container elementor-column-gap-default\">\n\t\t\t\t\t<div class=\"elementor-column elementor-col-100 elementor-top-column elementor-element elementor-element-8c797c6\" data-id=\"8c797c6\" data-element_type=\"column\" data-e-type=\"column\">\n\t\t\t<div class=\"elementor-widget-wrap elementor-element-populated\">\n\t\t\t\t\t\t<div class=\"elementor-element elementor-element-a75b7ed elementor-widget elementor-widget-spacer\" data-id=\"a75b7ed\" data-element_type=\"widget\" data-e-type=\"widget\" data-widget_type=\"spacer.default\">\n\t\t\t\t<div class=\"elementor-widget-container\">\n\t\t\t\t\t\t\t<div class=\"elementor-spacer\">\n\t\t\t<div class=\"elementor-spacer-inner\"><\/div>\n\t\t<\/div>\n\t\t\t\t\t\t<\/div>\n\t\t\t\t<\/div>\n\t\t\t\t<div class=\"elementor-element elementor-element-f13d12e elementor-widget elementor-widget-heading\" data-id=\"f13d12e\" data-element_type=\"widget\" data-e-type=\"widget\" data-widget_type=\"heading.default\">\n\t\t\t\t<div class=\"elementor-widget-container\">\n\t\t\t\t\t<h2 class=\"elementor-heading-title elementor-size-default\">PROFESORADO<\/h2>\t\t\t\t<\/div>\n\t\t\t\t<\/div>\n\t\t\t\t<div class=\"elementor-element elementor-element-e1ca076 elementor-widget elementor-widget-spacer\" data-id=\"e1ca076\" data-element_type=\"widget\" data-e-type=\"widget\" data-widget_type=\"spacer.default\">\n\t\t\t\t<div class=\"elementor-widget-container\">\n\t\t\t\t\t\t\t<div class=\"elementor-spacer\">\n\t\t\t<div class=\"elementor-spacer-inner\"><\/div>\n\t\t<\/div>\n\t\t\t\t\t\t<\/div>\n\t\t\t\t<\/div>\n\t\t\t\t\t<\/div>\n\t\t<\/div>\n\t\t\t\t\t<\/div>\n\t\t<\/section>\n\t\t\t\t<section class=\"elementor-section elementor-top-section elementor-element elementor-element-13456c6 elementor-section-boxed elementor-section-height-default elementor-section-height-default\" data-id=\"13456c6\" data-element_type=\"section\" data-e-type=\"section\">\n\t\t\t\t\t\t<div class=\"elementor-container elementor-column-gap-default\">\n\t\t\t\t\t<div class=\"elementor-column elementor-col-100 elementor-top-column elementor-element elementor-element-fd48e31\" data-id=\"fd48e31\" data-element_type=\"column\" data-e-type=\"column\">\n\t\t\t<div class=\"elementor-widget-wrap elementor-element-populated\">\n\t\t\t\t\t\t<div class=\"elementor-element elementor-element-57c6a86 elementor-widget elementor-widget-elementskit-heading\" data-id=\"57c6a86\" data-element_type=\"widget\" data-e-type=\"widget\" data-widget_type=\"elementskit-heading.default\">\n\t\t\t\t<div class=\"elementor-widget-container\">\n\t\t\t\t\t<div class=\"ekit-wid-con\" ><div class=\"ekit-heading elementskit-section-title-wraper text_left   ekit_heading_tablet-   ekit_heading_mobile-\"><h3 class=\"ekit-heading--title elementskit-section-title \"><span><span>PROFESORADO<\/span><\/span> de Educaci\u00f3n Secundaria en Ciencias de la Administraci\u00f3n<\/h3><div class=\"ekit_heading_separetor_wraper ekit_heading_elementskit-border-divider elementskit-style-long\"><div class=\"elementskit-border-divider elementskit-style-long\"><\/div><\/div><\/div><\/div>\t\t\t\t<\/div>\n\t\t\t\t<\/div>\n\t\t\t\t\t<\/div>\n\t\t<\/div>\n\t\t\t\t\t<\/div>\n\t\t<\/section>\n\t\t\t\t<section class=\"elementor-section elementor-top-section elementor-element elementor-element-8023696 elementor-section-boxed elementor-section-height-default elementor-section-height-default\" data-id=\"8023696\" data-element_type=\"section\" data-e-type=\"section\">\n\t\t\t\t\t\t<div class=\"elementor-container elementor-column-gap-default\">\n\t\t\t\t\t<div class=\"elementor-column elementor-col-50 elementor-top-column elementor-element elementor-element-f90f6d9\" data-id=\"f90f6d9\" data-element_type=\"column\" data-e-type=\"column\">\n\t\t\t<div class=\"elementor-widget-wrap elementor-element-populated\">\n\t\t\t\t\t\t<div class=\"elementor-element elementor-element-f3574dd elementor-widget elementor-widget-text-editor\" data-id=\"f3574dd\" data-element_type=\"widget\" data-e-type=\"widget\" data-widget_type=\"text-editor.default\">\n\t\t\t\t<div class=\"elementor-widget-container\">\n\t\t\t\t\t\t\t\t\t<p><strong>Duraci\u00f3n:<\/strong>\u00a04 a\u00f1os<\/p><p><strong>Modalidad:<\/strong>\u00a0Presencial\u00a0<\/p><p class=\"noticia_textos\">El futuro egresado como Profesor en Ciencias de la Administraci\u00f3n tendr\u00e1 las competencias necesarias para la conducci\u00f3n del proceso de ense\u00f1anza, propiciando experiencias valiosas de aprendizaje. Contar\u00e1 con una s\u00f3lida formaci\u00f3n en el campo de los procesos administrativos &#8211; organizacionales.<\/p><p class=\"noticia_textos\">Est\u00e1 dirigido a la formaci\u00f3n de profesionales docentes que desarrollar\u00e1n su tarea de ense\u00f1anza en el nivel secundario de instituciones educativas oficiales p\u00fablicas o privadas.<\/p>\t\t\t\t\t\t\t\t<\/div>\n\t\t\t\t<\/div>\n\t\t\t\t<div class=\"elementor-element elementor-element-d76c28c elementor-widget elementor-widget-text-editor\" data-id=\"d76c28c\" data-element_type=\"widget\" data-e-type=\"widget\" data-widget_type=\"text-editor.default\">\n\t\t\t\t<div class=\"elementor-widget-container\">\n\t\t\t\t\t\t\t\t\t<h5 class=\"home_slider_titulo\"><span style=\"color: #ff0000;\">PLAN DE ESTUDIO<\/span><\/h5><p class=\"noticia_textos\"><strong>Primer A\u00f1o<\/strong><\/p><ul><li><span class=\"noticia_textos\">Pedagog\u00eda Anual<\/span><\/li><li><span class=\"noticia_textos\">Psicolog\u00eda Educacional<\/span><\/li><li><span class=\"noticia_textos\">Filosof\u00eda de la Educaci\u00f3n<\/span><\/li><li><span class=\"noticia_textos\">Lectura y Escritura Acad\u00e9mica<\/span><\/li><li><span class=\"noticia_textos\">Administraci\u00f3n General<\/span><\/li><li><span class=\"noticia_textos\">Matem\u00e1tica Orientada<\/span><\/li><li><span class=\"noticia_textos\">Introducci\u00f3n a la Econom\u00eda<\/span><\/li><li><span class=\"noticia_textos\">Sujeto de la Educaci\u00f3n Secundaria<\/span><\/li><li><span class=\"noticia_textos\">Pr\u00e1ctica Docente I<br \/><\/span><span class=\"noticia_textos\"><br \/><\/span><\/li><\/ul><p class=\"noticia_textos\"><strong>Segundo A\u00f1o<\/strong><\/p><ul><li class=\"noticia_textos\">Tecnolog\u00edas de la Informaci\u00f3n y la Comunicaci\u00f3n<\/li><li class=\"noticia_textos\">Historia Argentina y Latinoamericana<\/li><li class=\"noticia_textos\">Did\u00e1ctica General<\/li><li class=\"noticia_textos\">Estad\u00edstica Cuatrimestral<\/li><li class=\"noticia_textos\">Geograf\u00eda Econ\u00f3mica para la Administraci\u00f3n<\/li><li class=\"noticia_textos\">Sistema de Informaci\u00f3n Contable<\/li><li class=\"noticia_textos\">Microeconom\u00eda<\/li><li class=\"noticia_textos\">Administraci\u00f3n Comercial y Marketing<\/li><li class=\"noticia_textos\">Derecho Privado<\/li><li class=\"noticia_textos\">Pr\u00e1ctica Docente II<br \/><span class=\"noticia_textos\"><br \/><\/span><\/li><\/ul><p class=\"noticia_textos\"><strong>Tercer A\u00f1o<\/strong><\/p><ul><li class=\"noticia_textos\">Sociolog\u00eda de la Educaci\u00f3n<\/li><li class=\"noticia_textos\">Historia y Pol\u00edtica de la Educaci\u00f3n Argentina<\/li><li class=\"noticia_textos\">Lengua Extranjera<\/li><li class=\"noticia_textos\">Did\u00e1ctica Espec\u00edfica<\/li><li class=\"noticia_textos\">Macroeconom\u00eda<\/li><li class=\"noticia_textos\">Derecho P\u00fablico<\/li><li class=\"noticia_textos\">Administraci\u00f3n de Recursos Humanos<\/li><li class=\"noticia_textos\">Contabilidad de Gesti\u00f3n y de Costos<\/li><li class=\"noticia_textos\">Propuesta Variable y Complementaria<\/li><li class=\"noticia_textos\">Tecnolog\u00eda de la Informaci\u00f3n y<\/li><li class=\"noticia_textos\">Comunicaci\u00f3n en la Ense\u00f1anza<\/li><li class=\"noticia_textos\">Pr\u00e1ctica Docente III<br \/><br \/><\/li><\/ul><p class=\"noticia_textos\"><strong>Cuarto A\u00f1o<\/strong><\/p><ul><li class=\"noticia_textos\">Educaci\u00f3n Sexual Integral<\/li><li class=\"noticia_textos\">\u00c9tica. Docencia y Ciudadan\u00eda<\/li><li class=\"noticia_textos\">Administraci\u00f3n Financiera<\/li><li class=\"noticia_textos\">Dise\u00f1o y Gesti\u00f3n de Emprendimientos<\/li><li class=\"noticia_textos\">Tributos<\/li><li class=\"noticia_textos\">Administraci\u00f3n y Gesti\u00f3n de la Producci\u00f3n<\/li><li class=\"noticia_textos\">Propuesta Variable o Complementaria<\/li><li class=\"noticia_textos\">Residencia Pedag\u00f3gica<\/li><\/ul>\t\t\t\t\t\t\t\t<\/div>\n\t\t\t\t<\/div>\n\t\t\t\t\t<\/div>\n\t\t<\/div>\n\t\t\t\t<div class=\"elementor-column elementor-col-50 elementor-top-column elementor-element elementor-element-9c1561c\" data-id=\"9c1561c\" data-element_type=\"column\" data-e-type=\"column\">\n\t\t\t<div class=\"elementor-widget-wrap elementor-element-populated\">\n\t\t\t\t\t\t<div class=\"elementor-element elementor-element-0e79063 elementor-widget elementor-widget-video\" data-id=\"0e79063\" data-element_type=\"widget\" data-e-type=\"widget\" data-settings=\"{&quot;youtube_url&quot;:&quot;https:\\\/\\\/www.youtube.com\\\/watch?v=_TuQfxIHaL0&quot;,&quot;video_type&quot;:&quot;youtube&quot;,&quot;controls&quot;:&quot;yes&quot;}\" data-widget_type=\"video.default\">\n\t\t\t\t<div class=\"elementor-widget-container\">\n\t\t\t\t\t\t\t<div class=\"elementor-wrapper elementor-open-inline\">\n\t\t\t<div class=\"elementor-video\"><\/div>\t\t<\/div>\n\t\t\t\t\t\t<\/div>\n\t\t\t\t<\/div>\n\t\t\t\t\t<\/div>\n\t\t<\/div>\n\t\t\t\t\t<\/div>\n\t\t<\/section>\n\t\t\t\t<\/div>\n\t\t","protected":false},"excerpt":{"rendered":"<p>PROFESORADO PROFESORADO de Educaci\u00f3n Secundaria en Ciencias de la Administraci\u00f3n Duraci\u00f3n:\u00a04 a\u00f1os Modalidad:\u00a0Presencial\u00a0 El futuro egresado como Profesor en Ciencias de la Administraci\u00f3n tendr\u00e1 las competencias necesarias para la conducci\u00f3n del proceso de ense\u00f1anza, propiciando experiencias valiosas de aprendizaje. Contar\u00e1 con una s\u00f3lida formaci\u00f3n en el campo de los procesos administrativos &#8211; organizacionales. Est\u00e1 dirigido [&hellip;]<\/p>\n","protected":false},"author":1,"featured_media":0,"parent":0,"menu_order":0,"comment_status":"closed","ping_status":"closed","template":"elementor_header_footer","meta":{"footnotes":""},"class_list":["post-632","page","type-page","status-publish","hentry"],"_links":{"self":[{"href":"https:\/\/sanjosei27.edu.ar\/index.php?rest_route=\/wp\/v2\/pages\/632","targetHints":{"allow":["GET"]}}],"collection":[{"href":"https:\/\/sanjosei27.edu.ar\/index.php?rest_route=\/wp\/v2\/pages"}],"about":[{"href":"https:\/\/sanjosei27.edu.ar\/index.php?rest_route=\/wp\/v2\/types\/page"}],"author":[{"embeddable":true,"href":"https:\/\/sanjosei27.edu.ar\/index.php?rest_route=\/wp\/v2\/users\/1"}],"replies":[{"embeddable":true,"href":"https:\/\/sanjosei27.edu.ar\/index.php?rest_route=%2Fwp%2Fv2%2Fcomments&post=632"}],"version-history":[{"count":4,"href":"https:\/\/sanjosei27.edu.ar\/index.php?rest_route=\/wp\/v2\/pages\/632\/revisions"}],"predecessor-version":[{"id":637,"href":"https:\/\/sanjosei27.edu.ar\/index.php?rest_route=\/wp\/v2\/pages\/632\/revisions\/637"}],"wp:attachment":[{"href":"https:\/\/sanjosei27.edu.ar\/index.php?rest_route=%2Fwp%2Fv2%2Fmedia&parent=632"}],"curies":[{"name":"wp","href":"https:\/\/api.w.org\/{rel}","templated":true}]}}