{"id":647,"date":"2020-11-06T00:55:44","date_gmt":"2020-11-06T03:55:44","guid":{"rendered":"http:\/\/nuevaweb.sanjosei27.edu.ar\/?page_id=647"},"modified":"2021-05-18T18:36:37","modified_gmt":"2021-05-18T21:36:37","slug":"tecnicatura-superior-en-infraestructura-informatica","status":"publish","type":"page","link":"https:\/\/sanjosei27.edu.ar\/?page_id=647","title":{"rendered":"Tecnicatura Superior en Infraestructura Inform\u00e1tica"},"content":{"rendered":"\t\t<div data-elementor-type=\"wp-page\" data-elementor-id=\"647\" class=\"elementor elementor-647\">\n\t\t\t\t\t\t<section class=\"elementor-section elementor-top-section elementor-element elementor-element-5f97ce3 elementor-section-boxed elementor-section-height-default elementor-section-height-default\" data-id=\"5f97ce3\" data-element_type=\"section\" data-e-type=\"section\">\n\t\t\t\t\t\t<div class=\"elementor-container elementor-column-gap-default\">\n\t\t\t\t\t<div class=\"elementor-column elementor-col-100 elementor-top-column elementor-element elementor-element-bd62e20\" data-id=\"bd62e20\" data-element_type=\"column\" data-e-type=\"column\">\n\t\t\t<div class=\"elementor-widget-wrap elementor-element-populated\">\n\t\t\t\t\t\t<div class=\"elementor-element elementor-element-09ee79d elementor-widget elementor-widget-spacer\" data-id=\"09ee79d\" data-element_type=\"widget\" data-e-type=\"widget\" data-widget_type=\"spacer.default\">\n\t\t\t\t<div class=\"elementor-widget-container\">\n\t\t\t\t\t\t\t<div class=\"elementor-spacer\">\n\t\t\t<div class=\"elementor-spacer-inner\"><\/div>\n\t\t<\/div>\n\t\t\t\t\t\t<\/div>\n\t\t\t\t<\/div>\n\t\t\t\t\t<\/div>\n\t\t<\/div>\n\t\t\t\t\t<\/div>\n\t\t<\/section>\n\t\t\t\t<section class=\"elementor-section elementor-top-section elementor-element elementor-element-51b422b elementor-section-boxed elementor-section-height-default elementor-section-height-default\" data-id=\"51b422b\" data-element_type=\"section\" data-e-type=\"section\">\n\t\t\t\t\t\t\t<div class=\"elementor-background-overlay\"><\/div>\n\t\t\t\t\t\t\t<div class=\"elementor-container elementor-column-gap-default\">\n\t\t\t\t\t<div class=\"elementor-column elementor-col-100 elementor-top-column elementor-element elementor-element-8c797c6\" data-id=\"8c797c6\" data-element_type=\"column\" data-e-type=\"column\">\n\t\t\t<div class=\"elementor-widget-wrap elementor-element-populated\">\n\t\t\t\t\t\t<div class=\"elementor-element elementor-element-a75b7ed elementor-widget elementor-widget-spacer\" data-id=\"a75b7ed\" data-element_type=\"widget\" data-e-type=\"widget\" data-widget_type=\"spacer.default\">\n\t\t\t\t<div class=\"elementor-widget-container\">\n\t\t\t\t\t\t\t<div class=\"elementor-spacer\">\n\t\t\t<div class=\"elementor-spacer-inner\"><\/div>\n\t\t<\/div>\n\t\t\t\t\t\t<\/div>\n\t\t\t\t<\/div>\n\t\t\t\t<div class=\"elementor-element elementor-element-f13d12e elementor-widget elementor-widget-heading\" data-id=\"f13d12e\" data-element_type=\"widget\" data-e-type=\"widget\" data-widget_type=\"heading.default\">\n\t\t\t\t<div class=\"elementor-widget-container\">\n\t\t\t\t\t<h2 class=\"elementor-heading-title elementor-size-default\">TECNICATURA<\/h2>\t\t\t\t<\/div>\n\t\t\t\t<\/div>\n\t\t\t\t<div class=\"elementor-element elementor-element-e1ca076 elementor-widget elementor-widget-spacer\" data-id=\"e1ca076\" data-element_type=\"widget\" data-e-type=\"widget\" data-widget_type=\"spacer.default\">\n\t\t\t\t<div class=\"elementor-widget-container\">\n\t\t\t\t\t\t\t<div class=\"elementor-spacer\">\n\t\t\t<div class=\"elementor-spacer-inner\"><\/div>\n\t\t<\/div>\n\t\t\t\t\t\t<\/div>\n\t\t\t\t<\/div>\n\t\t\t\t\t<\/div>\n\t\t<\/div>\n\t\t\t\t\t<\/div>\n\t\t<\/section>\n\t\t\t\t<section class=\"elementor-section elementor-top-section elementor-element elementor-element-13456c6 elementor-section-boxed elementor-section-height-default elementor-section-height-default\" data-id=\"13456c6\" data-element_type=\"section\" data-e-type=\"section\">\n\t\t\t\t\t\t<div class=\"elementor-container elementor-column-gap-default\">\n\t\t\t\t\t<div class=\"elementor-column elementor-col-100 elementor-top-column elementor-element elementor-element-fd48e31\" data-id=\"fd48e31\" data-element_type=\"column\" data-e-type=\"column\">\n\t\t\t<div class=\"elementor-widget-wrap elementor-element-populated\">\n\t\t\t\t\t\t<div class=\"elementor-element elementor-element-57c6a86 elementor-widget elementor-widget-elementskit-heading\" data-id=\"57c6a86\" data-element_type=\"widget\" data-e-type=\"widget\" data-widget_type=\"elementskit-heading.default\">\n\t\t\t\t<div class=\"elementor-widget-container\">\n\t\t\t\t\t<div class=\"ekit-wid-con\" ><div class=\"ekit-heading elementskit-section-title-wraper text_left   ekit_heading_tablet-   ekit_heading_mobile-\"><h3 class=\"ekit-heading--title elementskit-section-title \"><span><span>TECNICATURA<\/span><\/span> Superior en Infraestructura Inform\u00e1tica<\/h3><div class=\"ekit_heading_separetor_wraper ekit_heading_elementskit-border-divider elementskit-style-long\"><div class=\"elementskit-border-divider elementskit-style-long\"><\/div><\/div><\/div><\/div>\t\t\t\t<\/div>\n\t\t\t\t<\/div>\n\t\t\t\t\t<\/div>\n\t\t<\/div>\n\t\t\t\t\t<\/div>\n\t\t<\/section>\n\t\t\t\t<section class=\"elementor-section elementor-top-section elementor-element elementor-element-8023696 elementor-section-boxed elementor-section-height-default elementor-section-height-default\" data-id=\"8023696\" data-element_type=\"section\" data-e-type=\"section\">\n\t\t\t\t\t\t<div class=\"elementor-container elementor-column-gap-default\">\n\t\t\t\t\t<div class=\"elementor-column elementor-col-50 elementor-top-column elementor-element elementor-element-f90f6d9\" data-id=\"f90f6d9\" data-element_type=\"column\" data-e-type=\"column\">\n\t\t\t<div class=\"elementor-widget-wrap elementor-element-populated\">\n\t\t\t\t\t\t<div class=\"elementor-element elementor-element-e0edd8e elementor-widget elementor-widget-text-editor\" data-id=\"e0edd8e\" data-element_type=\"widget\" data-e-type=\"widget\" data-widget_type=\"text-editor.default\">\n\t\t\t\t<div class=\"elementor-widget-container\">\n\t\t\t\t\t\t\t\t\t<p><strong>Duraci\u00f3n:<\/strong>\u00a03 a\u00f1os<\/p><p><strong>Modalidad:<\/strong> Presencial\u00a0<\/p>\t\t\t\t\t\t\t\t<\/div>\n\t\t\t\t<\/div>\n\t\t\t\t<div class=\"elementor-element elementor-element-18f3b8a elementor-button-info elementor-widget elementor-widget-button\" data-id=\"18f3b8a\" data-element_type=\"widget\" data-e-type=\"widget\" data-widget_type=\"button.default\">\n\t\t\t\t<div class=\"elementor-widget-container\">\n\t\t\t\t\t\t\t\t\t<div class=\"elementor-button-wrapper\">\n\t\t\t\t\t<a class=\"elementor-button elementor-button-link elementor-size-xs\" href=\"https:\/\/sanjosei27.edu.ar\/?page_id=1211\">\n\t\t\t\t\t\t<span class=\"elementor-button-content-wrapper\">\n\t\t\t\t\t\t\t\t\t<span class=\"elementor-button-text\">HORARIOS<\/span>\n\t\t\t\t\t<\/span>\n\t\t\t\t\t<\/a>\n\t\t\t\t<\/div>\n\t\t\t\t\t\t\t\t<\/div>\n\t\t\t\t<\/div>\n\t\t\t\t<div class=\"elementor-element elementor-element-f3574dd elementor-widget elementor-widget-text-editor\" data-id=\"f3574dd\" data-element_type=\"widget\" data-e-type=\"widget\" data-widget_type=\"text-editor.default\">\n\t\t\t\t<div class=\"elementor-widget-container\">\n\t\t\t\t\t\t\t\t\t<p class=\"noticia_textos\">El T\u00e9cnico Superior en Soporte de Infraestructura de Tecnolog\u00eda de la Informaci\u00f3n estar\u00e1 capacitado para implementar, mantener, actualizar, analizar inconvenientes y resolver problemas derivados de la operaci\u00f3n de productos de tecnolog\u00eda de la informaci\u00f3n que cumplen funciones de sistemas operativos, servidores, administraci\u00f3n de almacenamiento, comunicaci\u00f3n y redes, seguridad, base de datos, y otros subsistemas.<\/p><p class=\"noticia_textos\">De esa manera, el profesional podr\u00e1 garantizar la m\u00e1xima disponibilidad del ambiente operativo de las aplicaciones inform\u00e1ticas de las organizaciones.<\/p><h5 class=\"home_slider_titulo\"><span style=\"color: #ff0000;\">PLAN DE ESTUDIOS<\/span><\/h5><p class=\"noticia_textos\"><strong>Primer A\u00f1o<\/strong><\/p><ul><li><span class=\"noticia_textos\">Relaci\u00f3n Estado- Sociedad<\/span><\/li><li><span class=\"noticia_textos\">Inform\u00e1tica<\/span><\/li><li><span class=\"noticia_textos\">Ingl\u00e9s T\u00e9cnico<\/span><\/li><li><span class=\"noticia_textos\">Matem\u00e1tica<\/span><\/li><li><span class=\"noticia_textos\">Ofim\u00e1tica<\/span><\/li><li><span class=\"noticia_textos\">Estad\u00edstica y probabilidad<\/span><\/li><li><span class=\"noticia_textos\">Programaci\u00f3n<\/span><\/li><li><span class=\"noticia_textos\">Arquitectura de Computadoras<\/span><\/li><li><span class=\"noticia_textos\">Pr\u00e1ctica Profesionalizante I<br \/><\/span><span class=\"noticia_textos\"><br \/><\/span><\/li><\/ul><p class=\"noticia_textos\"><strong>Segundo A\u00f1o<\/strong><\/p><ul><li class=\"noticia_textos\">Sistemas Administrativos<\/li><li class=\"noticia_textos\">Sistemas Operativos<\/li><li class=\"noticia_textos\">Redes I<\/li><li class=\"noticia_textos\">Soporte T\u00e9cnico I<\/li><li class=\"noticia_textos\">Cultura y Comunicaci\u00f3n Contempor\u00e1nea<\/li><li class=\"noticia_textos\">Seguridad Inform\u00e1tica I<\/li><li class=\"noticia_textos\">Planificaci\u00f3n Inform\u00e1tica<\/li><li class=\"noticia_textos\">Pr\u00e1ctica Profesionalizante II<br \/><span class=\"noticia_textos\"><br \/><\/span><\/li><\/ul><p class=\"noticia_textos\"><strong>Tercer A\u00f1o<\/strong><\/p><ul><li class=\"noticia_textos\">Identidad y Desigualdad Sociocultural<\/li><li class=\"noticia_textos\">Soporte t\u00e9cnico II<\/li><li class=\"noticia_textos\">Redes II<\/li><li class=\"noticia_textos\">Procesos Pol\u00edticos, Econ\u00f3micos y el Mundo del Trabajo<\/li><li class=\"noticia_textos\">Seguridad Inform\u00e1tica II<\/li><li class=\"noticia_textos\">Base de Datos<\/li><li class=\"noticia_textos\">Marco \u00c9tico y Normativo de la Profesi\u00f3n<\/li><li class=\"noticia_textos\">Pr\u00e1ctica Profesionalizante III<\/li><\/ul>\t\t\t\t\t\t\t\t<\/div>\n\t\t\t\t<\/div>\n\t\t\t\t\t<\/div>\n\t\t<\/div>\n\t\t\t\t<div class=\"elementor-column elementor-col-50 elementor-top-column elementor-element elementor-element-9c1561c\" data-id=\"9c1561c\" data-element_type=\"column\" data-e-type=\"column\">\n\t\t\t<div class=\"elementor-widget-wrap elementor-element-populated\">\n\t\t\t\t\t\t<div class=\"elementor-element elementor-element-0e79063 elementor-widget elementor-widget-video\" data-id=\"0e79063\" data-element_type=\"widget\" data-e-type=\"widget\" data-settings=\"{&quot;youtube_url&quot;:&quot;https:\\\/\\\/www.youtube.com\\\/watch?v=rMXpkabWJ9Y&quot;,&quot;video_type&quot;:&quot;youtube&quot;,&quot;controls&quot;:&quot;yes&quot;}\" data-widget_type=\"video.default\">\n\t\t\t\t<div class=\"elementor-widget-container\">\n\t\t\t\t\t\t\t<div class=\"elementor-wrapper elementor-open-inline\">\n\t\t\t<div class=\"elementor-video\"><\/div>\t\t<\/div>\n\t\t\t\t\t\t<\/div>\n\t\t\t\t<\/div>\n\t\t\t\t\t<\/div>\n\t\t<\/div>\n\t\t\t\t\t<\/div>\n\t\t<\/section>\n\t\t\t\t<\/div>\n\t\t","protected":false},"excerpt":{"rendered":"<p>TECNICATURA TECNICATURA Superior en Infraestructura Inform\u00e1tica Duraci\u00f3n:\u00a03 a\u00f1os Modalidad: Presencial\u00a0 HORARIOS El T\u00e9cnico Superior en Soporte de Infraestructura de Tecnolog\u00eda de la Informaci\u00f3n estar\u00e1 capacitado para implementar, mantener, actualizar, analizar inconvenientes y resolver problemas derivados de la operaci\u00f3n de productos de tecnolog\u00eda de la informaci\u00f3n que cumplen funciones de sistemas operativos, servidores, administraci\u00f3n de almacenamiento, [&hellip;]<\/p>\n","protected":false},"author":1,"featured_media":0,"parent":0,"menu_order":0,"comment_status":"closed","ping_status":"closed","template":"elementor_header_footer","meta":{"footnotes":""},"class_list":["post-647","page","type-page","status-publish","hentry"],"_links":{"self":[{"href":"https:\/\/sanjosei27.edu.ar\/index.php?rest_route=\/wp\/v2\/pages\/647","targetHints":{"allow":["GET"]}}],"collection":[{"href":"https:\/\/sanjosei27.edu.ar\/index.php?rest_route=\/wp\/v2\/pages"}],"about":[{"href":"https:\/\/sanjosei27.edu.ar\/index.php?rest_route=\/wp\/v2\/types\/page"}],"author":[{"embeddable":true,"href":"https:\/\/sanjosei27.edu.ar\/index.php?rest_route=\/wp\/v2\/users\/1"}],"replies":[{"embeddable":true,"href":"https:\/\/sanjosei27.edu.ar\/index.php?rest_route=%2Fwp%2Fv2%2Fcomments&post=647"}],"version-history":[{"count":10,"href":"https:\/\/sanjosei27.edu.ar\/index.php?rest_route=\/wp\/v2\/pages\/647\/revisions"}],"predecessor-version":[{"id":1220,"href":"https:\/\/sanjosei27.edu.ar\/index.php?rest_route=\/wp\/v2\/pages\/647\/revisions\/1220"}],"wp:attachment":[{"href":"https:\/\/sanjosei27.edu.ar\/index.php?rest_route=%2Fwp%2Fv2%2Fmedia&parent=647"}],"curies":[{"name":"wp","href":"https:\/\/api.w.org\/{rel}","templated":true}]}}